{"id":1728,"date":"2023-02-13T07:15:15","date_gmt":"2023-02-13T07:15:15","guid":{"rendered":"https:\/\/brakkeputariba.com\/contacte-con-nosotros\/"},"modified":"2024-04-09T10:36:25","modified_gmt":"2024-04-09T10:36:25","slug":"contacte-con-nosotros","status":"publish","type":"page","link":"https:\/\/brakkeputariba.com\/es\/contacte-con-nosotros\/","title":{"rendered":"Contacte con nosotros"},"content":{"rendered":"\t\t<div data-elementor-type=\"wp-page\" data-elementor-id=\"1728\" class=\"elementor elementor-1728 elementor-83\" data-elementor-post-type=\"page\">\n\t\t\t\t\t\t<section class=\"elementor-section elementor-top-section elementor-element elementor-element-ee2fbbe elementor-section-boxed elementor-section-height-default elementor-section-height-default\" data-id=\"ee2fbbe\" data-element_type=\"section\" data-e-type=\"section\">\n\t\t\t\t\t\t<div class=\"elementor-container elementor-column-gap-default\">\n\t\t\t\t\t<div class=\"elementor-column elementor-col-100 elementor-top-column elementor-element elementor-element-75cc413\" data-id=\"75cc413\" data-element_type=\"column\" data-e-type=\"column\">\n\t\t\t<div class=\"elementor-widget-wrap elementor-element-populated\">\n\t\t\t\t\t\t<div class=\"elementor-element elementor-element-e8c3a3b elementor-widget-divider--view-line elementor-widget elementor-widget-divider\" data-id=\"e8c3a3b\" data-element_type=\"widget\" data-e-type=\"widget\" data-widget_type=\"divider.default\">\n\t\t\t\t<div class=\"elementor-widget-container\">\n\t\t\t\t\t\t\t<div class=\"elementor-divider\">\n\t\t\t<span class=\"elementor-divider-separator\">\n\t\t\t\t\t\t<\/span>\n\t\t<\/div>\n\t\t\t\t\t\t<\/div>\n\t\t\t\t<\/div>\n\t\t\t\t<div class=\"elementor-element elementor-element-2b6f153 elementor-widget elementor-widget-image\" data-id=\"2b6f153\" data-element_type=\"widget\" data-e-type=\"widget\" data-widget_type=\"image.default\">\n\t\t\t\t<div class=\"elementor-widget-container\">\n\t\t\t\t\t\t\t\t\t\t\t\t\t\t\t<img decoding=\"async\" width=\"225\" height=\"63\" src=\"https:\/\/brakkeputariba.com\/wp-content\/uploads\/2023\/10\/Century21-Curacao-logo.png\" class=\"attachment-large size-large wp-image-1715\" alt=\"\" \/>\t\t\t\t\t\t\t\t\t\t\t\t\t\t\t<\/div>\n\t\t\t\t<\/div>\n\t\t\t\t<div class=\"elementor-element elementor-element-ad51ae7 elementor-widget elementor-widget-image\" data-id=\"ad51ae7\" data-element_type=\"widget\" data-e-type=\"widget\" data-widget_type=\"image.default\">\n\t\t\t\t<div class=\"elementor-widget-container\">\n\t\t\t\t\t\t\t\t\t\t\t\t\t\t\t<img decoding=\"async\" width=\"338\" height=\"57\" src=\"https:\/\/brakkeputariba.com\/wp-content\/uploads\/2023\/10\/Sothebys-Curacao-logo.png\" class=\"attachment-large size-large wp-image-1713\" alt=\"\" srcset=\"https:\/\/brakkeputariba.com\/wp-content\/uploads\/2023\/10\/Sothebys-Curacao-logo.png 338w, https:\/\/brakkeputariba.com\/wp-content\/uploads\/2023\/10\/Sothebys-Curacao-logo-300x51.png 300w\" sizes=\"(max-width: 338px) 100vw, 338px\" \/>\t\t\t\t\t\t\t\t\t\t\t\t\t\t\t<\/div>\n\t\t\t\t<\/div>\n\t\t\t\t<div class=\"elementor-element elementor-element-d7d088d elementor-widget elementor-widget-spacer\" data-id=\"d7d088d\" data-element_type=\"widget\" data-e-type=\"widget\" data-widget_type=\"spacer.default\">\n\t\t\t\t<div class=\"elementor-widget-container\">\n\t\t\t\t\t\t\t<div class=\"elementor-spacer\">\n\t\t\t<div class=\"elementor-spacer-inner\"><\/div>\n\t\t<\/div>\n\t\t\t\t\t\t<\/div>\n\t\t\t\t<\/div>\n\t\t\t\t<div class=\"elementor-element elementor-element-5b16feb elementor-widget-divider--view-line elementor-widget elementor-widget-divider\" data-id=\"5b16feb\" data-element_type=\"widget\" data-e-type=\"widget\" data-widget_type=\"divider.default\">\n\t\t\t\t<div class=\"elementor-widget-container\">\n\t\t\t\t\t\t\t<div class=\"elementor-divider\">\n\t\t\t<span class=\"elementor-divider-separator\">\n\t\t\t\t\t\t<\/span>\n\t\t<\/div>\n\t\t\t\t\t\t<\/div>\n\t\t\t\t<\/div>\n\t\t\t\t\t<\/div>\n\t\t<\/div>\n\t\t\t\t\t<\/div>\n\t\t<\/section>\n\t\t\t\t<section class=\"elementor-section elementor-top-section elementor-element elementor-element-aa87f04 elementor-section-full_width elementor-section-height-default elementor-section-height-default\" data-id=\"aa87f04\" data-element_type=\"section\" data-e-type=\"section\">\n\t\t\t\t\t\t<div class=\"elementor-container elementor-column-gap-no\">\n\t\t\t\t\t<div class=\"elementor-column elementor-col-100 elementor-top-column elementor-element elementor-element-e53f6b7\" data-id=\"e53f6b7\" data-element_type=\"column\" data-e-type=\"column\">\n\t\t\t<div class=\"elementor-widget-wrap elementor-element-populated\">\n\t\t\t\t\t\t<div class=\"elementor-element elementor-element-08b4306 elementor-widget elementor-widget-tg-contact\" data-id=\"08b4306\" data-element_type=\"widget\" data-e-type=\"widget\" data-widget_type=\"tg-contact.default\">\n\t\t\t\t<div class=\"elementor-widget-container\">\n\t\t\t\t\t\r\n        <!-- contact-info -->\r\n        <section class=\"contact-info\">\r\n            <div class=\"container\">\r\n                <div class=\"row justify-content-center\">\r\n\r\n                                        <div class=\"col-lg-4 col-md-6 col-sm-10\">\r\n                        <div class=\"contact-info-item\">\r\n\r\n                            <span class=\"sub-title\">Century 21 Real Estate<\/span>\r\n\r\n                            <h2 class=\"title\">Santa Rosaweg 18, Willemstad, Cura\u00e7ao<\/h2>\r\n                            <ul class=\"list-wrap\">\r\n\r\n                                <li><a href=\"mailto:info@brakkeputariba.com\">info@brakkeputariba.com<\/a><\/li>\r\n\r\n                                <li><a href=\"tel:+599 9 737 0201\">+599 9 737 0201<\/a><\/li>\r\n                            <\/ul>\r\n                        <\/div>\r\n                    <\/div>\r\n                                        <div class=\"col-lg-4 col-md-6 col-sm-10\">\r\n                        <div class=\"contact-info-item\">\r\n\r\n                            <span class=\"sub-title\">Curacao Sotheby&#039;s International Realty<\/span>\r\n\r\n                            <h2 class=\"title\">Caracasbaaiweg 149-F, Willemstad, Cura\u00e7ao<\/h2>\r\n                            <ul class=\"list-wrap\">\r\n\r\n                                <li><a href=\"mailto:info@brakkeputariba.com\">info@brakkeputariba.com<\/a><\/li>\r\n\r\n                                <li><a href=\"tel:+599 9 737 0104\">+599 9 737 0104<\/a><\/li>\r\n                            <\/ul>\r\n                        <\/div>\r\n                    <\/div>\r\n                    \r\n                <\/div>\r\n            <\/div>\r\n        <\/section>\r\n        <!-- contact-info-end -->\r\n\r\n    \t\t\t\t<\/div>\n\t\t\t\t<\/div>\n\t\t\t\t\t<\/div>\n\t\t<\/div>\n\t\t\t\t\t<\/div>\n\t\t<\/section>\n\t\t\t\t<section class=\"elementor-section elementor-top-section elementor-element elementor-element-e756fac elementor-section-boxed elementor-section-height-default elementor-section-height-default\" data-id=\"e756fac\" data-element_type=\"section\" data-e-type=\"section\">\n\t\t\t\t\t\t<div class=\"elementor-container elementor-column-gap-default\">\n\t\t\t\t\t<div class=\"elementor-column elementor-col-100 elementor-top-column elementor-element elementor-element-69ba201\" data-id=\"69ba201\" data-element_type=\"column\" data-e-type=\"column\">\n\t\t\t<div class=\"elementor-widget-wrap elementor-element-populated\">\n\t\t\t\t\t\t<div class=\"elementor-element elementor-element-71c729f elementor-widget elementor-widget-text-editor\" data-id=\"71c729f\" data-element_type=\"widget\" data-e-type=\"widget\" data-widget_type=\"text-editor.default\">\n\t\t\t\t<div class=\"elementor-widget-container\">\n\t\t\t\t\t\t\t\t\t<p>SUS SOCIOS<\/p>\n\t\t\t\t\t\t\t\t<\/div>\n\t\t\t\t<\/div>\n\t\t\t\t<div class=\"elementor-element elementor-element-65833cf elementor-widget elementor-widget-heading\" data-id=\"65833cf\" data-element_type=\"widget\" data-e-type=\"widget\" data-widget_type=\"heading.default\">\n\t\t\t\t<div class=\"elementor-widget-container\">\n\t\t\t\t\t<p class=\"elementor-heading-title elementor-size-default\">CONOCE A TU INCRE\u00cdBLE  <br>SOCIOS DEDICADOS<\/p>\t\t\t\t<\/div>\n\t\t\t\t<\/div>\n\t\t\t\t\t<\/div>\n\t\t<\/div>\n\t\t\t\t\t<\/div>\n\t\t<\/section>\n\t\t\t\t<section class=\"elementor-section elementor-top-section elementor-element elementor-element-4bf7141 elementor-section-full_width elementor-section-height-default elementor-section-height-default\" data-id=\"4bf7141\" data-element_type=\"section\" data-e-type=\"section\" data-settings=\"{&quot;background_background&quot;:&quot;classic&quot;}\">\n\t\t\t\t\t\t<div class=\"elementor-container elementor-column-gap-no\">\n\t\t\t\t\t<div class=\"elementor-column elementor-col-100 elementor-top-column elementor-element elementor-element-16a706f\" data-id=\"16a706f\" data-element_type=\"column\" data-e-type=\"column\">\n\t\t\t<div class=\"elementor-widget-wrap elementor-element-populated\">\n\t\t\t\t\t\t<div class=\"elementor-element elementor-element-fe40a34 elementor-widget elementor-widget-tg-team\" data-id=\"fe40a34\" data-element_type=\"widget\" data-e-type=\"widget\" data-widget_type=\"tg-team.default\">\n\t\t\t\t<div class=\"elementor-widget-container\">\n\t\t\t\t\t\r\n\r\n        <!-- team-area -->\r\n        <section class=\"team-area\">\r\n            <div class=\"container\">\r\n\r\n                                <div class=\"row justify-content-center\">\r\n                    <div class=\"col-xl-6 col-lg-7\">\r\n                        <div class=\"section-title text-center mb-55\">\r\n\r\n                            \r\n                            \r\n                        <\/div>\r\n                    <\/div>\r\n                <\/div>\r\n                \r\n                <div class=\"team-item-wrap\">\r\n                    <div class=\"row justify-content-center\">\r\n\r\n                                                <div class=\"col-xl-3 col-md-4 col-sm-6\">\r\n                            <div class=\"team-item\">\r\n\r\n                                                                <div class=\"team-thumb\">\r\n                                    <a href=\"\"><img decoding=\"async\" src=\"https:\/\/brakkeputariba.com\/wp-content\/uploads\/2023\/10\/ben-vierkant.jpg\" alt=\"\"><\/a>\r\n                                <\/div>\r\n                                \r\n                                <div class=\"team-content\">\r\n                                    <h3 class=\"title\"><a href=\"\">Benjamin Brest<\/a><\/h3>\r\n\r\n                                                                            <span>Real Estate Professional<br> Century21 Cura\u00e7ao<\/span>\r\n                                    \r\n                                <\/div>\r\n                            <\/div>\r\n                        <\/div>\r\n                                                <div class=\"col-xl-3 col-md-4 col-sm-6\">\r\n                            <div class=\"team-item\">\r\n\r\n                                                                <div class=\"team-thumb\">\r\n                                    <a href=\"\"><img decoding=\"async\" src=\"https:\/\/brakkeputariba.com\/wp-content\/uploads\/2023\/10\/ray-seijs-vierkant.jpg\" alt=\"\"><\/a>\r\n                                <\/div>\r\n                                \r\n                                <div class=\"team-content\">\r\n                                    <h3 class=\"title\"><a href=\"\">Ray Seijs<\/a><\/h3>\r\n\r\n                                                                            <span>Real Estate Professional<br>Cura\u00e7ao Sotheby\u2019s International Realty<\/span>\r\n                                    \r\n                                <\/div>\r\n                            <\/div>\r\n                        <\/div>\r\n                        \r\n                    <\/div>\r\n                <\/div>\r\n\r\n                                <div class=\"view-more-btn text-center mt-30\">\r\n                    <a  >\r\n                        <div class=\"btn_m\">\r\n                            <div class=\"btn_c\">\r\n                                <div class=\"btn_t1\"><\/div>\r\n                                <div class=\"btn_t2\"><\/div>\r\n                            <\/div>\r\n                        <\/div>\r\n                    <\/a>\r\n                <\/div>\r\n                \r\n            <\/div>\r\n        <\/section>\r\n        <!-- team-area-end -->\r\n\r\n\t\t\t\t\t<\/div>\n\t\t\t\t<\/div>\n\t\t\t\t\t<\/div>\n\t\t<\/div>\n\t\t\t\t\t<\/div>\n\t\t<\/section>\n\t\t\t\t<section class=\"elementor-section elementor-top-section elementor-element elementor-element-55d6c6c elementor-section-full_width elementor-hidden-desktop elementor-hidden-tablet elementor-hidden-mobile elementor-section-height-default elementor-section-height-default\" data-id=\"55d6c6c\" data-element_type=\"section\" data-e-type=\"section\" data-settings=\"{&quot;background_background&quot;:&quot;classic&quot;}\">\n\t\t\t\t\t\t<div class=\"elementor-container elementor-column-gap-no\">\n\t\t\t\t\t<div class=\"elementor-column elementor-col-100 elementor-top-column elementor-element elementor-element-344cc12\" data-id=\"344cc12\" data-element_type=\"column\" data-e-type=\"column\">\n\t\t\t<div class=\"elementor-widget-wrap elementor-element-populated\">\n\t\t\t\t\t\t<div class=\"elementor-element elementor-element-70b12e2 elementor-widget elementor-widget-tg-team\" data-id=\"70b12e2\" data-element_type=\"widget\" data-e-type=\"widget\" data-widget_type=\"tg-team.default\">\n\t\t\t\t<div class=\"elementor-widget-container\">\n\t\t\t\t\t\r\n\r\n        <!-- team-area -->\r\n        <section class=\"team-area\">\r\n            <div class=\"container\">\r\n\r\n                                <div class=\"row justify-content-center\">\r\n                    <div class=\"col-xl-6 col-lg-7\">\r\n                        <div class=\"section-title text-center mb-55\">\r\n\r\n                                                            <span class=\"sub-title\">Your partners<\/span>\r\n                            \r\n                            <h2 class=\"title\">Meet your amazing dedicated partners<\/h2>\r\n                        <\/div>\r\n                    <\/div>\r\n                <\/div>\r\n                \r\n                <div class=\"team-item-wrap\">\r\n                    <div class=\"row justify-content-center\">\r\n\r\n                                                <div class=\"col-xl-3 col-md-4 col-sm-6\">\r\n                            <div class=\"team-item\">\r\n\r\n                                                                <div class=\"team-thumb\">\r\n                                    <a href=\"\"><img decoding=\"async\" src=\"https:\/\/brakkeputariba.com\/wp-content\/uploads\/2023\/10\/ben-vierkant.jpg\" alt=\"\"><\/a>\r\n                                <\/div>\r\n                                \r\n                                <div class=\"team-content\">\r\n                                    <h3 class=\"title\"><a href=\"\">Benjamin Brest<\/a><\/h3>\r\n\r\n                                                                            <span>Real Estate Professional<br> Century21 Cura\u00e7ao<\/span>\r\n                                    \r\n                                <\/div>\r\n                            <\/div>\r\n                        <\/div>\r\n                                                <div class=\"col-xl-3 col-md-4 col-sm-6\">\r\n                            <div class=\"team-item\">\r\n\r\n                                                                <div class=\"team-thumb\">\r\n                                    <a href=\"\"><img decoding=\"async\" src=\"https:\/\/brakkeputariba.com\/wp-content\/uploads\/2023\/10\/ray-seijs-vierkant.jpg\" alt=\"\"><\/a>\r\n                                <\/div>\r\n                                \r\n                                <div class=\"team-content\">\r\n                                    <h3 class=\"title\"><a href=\"\">Ray Seijs<\/a><\/h3>\r\n\r\n                                                                            <span>Real Estate Professional<br>Cura\u00e7ao Sotheby\u2019s International Realty<\/span>\r\n                                    \r\n                                <\/div>\r\n                            <\/div>\r\n                        <\/div>\r\n                        \r\n                    <\/div>\r\n                <\/div>\r\n\r\n                                <div class=\"view-more-btn text-center mt-30\">\r\n                    <a  >\r\n                        <div class=\"btn_m\">\r\n                            <div class=\"btn_c\">\r\n                                <div class=\"btn_t1\"><\/div>\r\n                                <div class=\"btn_t2\"><\/div>\r\n                            <\/div>\r\n                        <\/div>\r\n                    <\/a>\r\n                <\/div>\r\n                \r\n            <\/div>\r\n        <\/section>\r\n        <!-- team-area-end -->\r\n\r\n\t\t\t\t\t<\/div>\n\t\t\t\t<\/div>\n\t\t\t\t\t<\/div>\n\t\t<\/div>\n\t\t\t\t\t<\/div>\n\t\t<\/section>\n\t\t\t\t<section class=\"elementor-section elementor-top-section elementor-element elementor-element-ddd73cd elementor-section-boxed elementor-section-height-default elementor-section-height-default\" data-id=\"ddd73cd\" data-element_type=\"section\" data-e-type=\"section\">\n\t\t\t\t\t\t<div class=\"elementor-container elementor-column-gap-default\">\n\t\t\t\t\t<div class=\"elementor-column elementor-col-100 elementor-top-column elementor-element elementor-element-3a60078\" data-id=\"3a60078\" data-element_type=\"column\" data-e-type=\"column\">\n\t\t\t<div class=\"elementor-widget-wrap elementor-element-populated\">\n\t\t\t\t\t\t<div class=\"elementor-element elementor-element-a1897b7 elementor-widget elementor-widget-text-editor\" data-id=\"a1897b7\" data-element_type=\"widget\" data-e-type=\"widget\" data-widget_type=\"text-editor.default\">\n\t\t\t\t<div class=\"elementor-widget-container\">\n\t\t\t\t\t\t\t\t\t<p>DEJAR UN MENSAJE<\/p>\n\t\t\t\t\t\t\t\t<\/div>\n\t\t\t\t<\/div>\n\t\t\t\t<div class=\"elementor-element elementor-element-045a022 elementor-widget elementor-widget-heading\" data-id=\"045a022\" data-element_type=\"widget\" data-e-type=\"widget\" data-widget_type=\"heading.default\">\n\t\t\t\t<div class=\"elementor-widget-container\">\n\t\t\t\t\t<p class=\"elementor-heading-title elementor-size-default\">D\u00c9JENOS AYUDARLE A CREAR SU SUE\u00d1O<\/p>\t\t\t\t<\/div>\n\t\t\t\t<\/div>\n\t\t\t\t<div class=\"elementor-element elementor-element-bc1971b fluent-form-widget-step-header-yes fluent-form-widget-step-progressbar-yes fluentform-widget-submit-button-custom elementor-widget elementor-widget-fluent-form-widget\" data-id=\"bc1971b\" data-element_type=\"widget\" data-e-type=\"widget\" data-widget_type=\"fluent-form-widget.default\">\n\t\t\t\t<div class=\"elementor-widget-container\">\n\t\t\t\t\t\n            <div class=\"fluentform-widget-wrapper fluentform-widget-align-default\">\n\n            \n            <div class='fluentform ff-default fluentform_wrapper_4 ffs_modern_b_wrap'><form data-form_id=\"4\" id=\"fluentform_4\" class=\"frm-fluent-form fluent_form_4 ff-el-form-top ff_form_instance_4_1 ff-form-loading ffs_modern_b\" data-form_instance=\"ff_form_instance_4_1\" method=\"POST\" ><fieldset  style=\"border: none!important;margin: 0!important;padding: 0!important;background-color: transparent!important;box-shadow: none!important;outline: none!important; min-inline-size: 100%;\">\n                    <legend class=\"ff_screen_reader_title\" style=\"display: block; margin: 0!important;padding: 0!important;height: 0!important;text-indent: -999999px;width: 0!important;overflow:hidden;\">Contact Form Short (#4)<\/legend><input type='hidden' name='__fluent_form_embded_post_id' value='1728' \/><input type=\"hidden\" id=\"_fluentform_4_fluentformnonce\" name=\"_fluentform_4_fluentformnonce\" value=\"e1821a22d5\" \/><input type=\"hidden\" name=\"_wp_http_referer\" value=\"\/es\/wp-json\/wp\/v2\/pages\/1728\" \/><div data-type=\"name-element\" data-name=\"names\" class=\" ff-field_container ff-name-field-wrapper\" ><div class='ff-t-container'><div class='ff-t-cell '><div class='ff-el-group  ff-el-form-top'><div class='ff-el-input--content'><input type=\"text\" name=\"names[first_name]\" id=\"ff_4_names_first_name_\" class=\"ff-el-form-control\" placeholder=\"First Name\" aria-invalid=\"false\" aria-required=true><\/div><\/div><\/div><div class='ff-t-cell '><div class='ff-el-group  ff-el-form-top'><div class='ff-el-input--content'><input type=\"text\" name=\"names[last_name]\" id=\"ff_4_names_last_name_\" class=\"ff-el-form-control\" placeholder=\"Last Name\" aria-invalid=\"false\" aria-required=true><\/div><\/div><\/div><\/div><\/div><div class='ff-el-group'><div class='ff-el-input--content'><input type=\"email\" name=\"email\" id=\"ff_4_email\" class=\"ff-el-form-control\" placeholder=\"Email Address\" data-name=\"email\"  aria-invalid=\"false\" aria-required=true><\/div><\/div><div class='ff-el-group'><div class='ff-el-input--content'><textarea aria-required=\"false\" aria-labelledby=\"label_ff_4_description\" name=\"description\" id=\"ff_4_description\" class=\"ff-el-form-control\" placeholder=\"Your Message\" rows=\"3\" cols=\"2\" data-name=\"description\" ><\/textarea><\/div><\/div><div class='ff-el-group ff-text-center ff_submit_btn_wrapper ff_submit_btn_wrapper_custom'><button class=\"ff-btn ff-btn-submit ff-btn-md ff_btn_style wpf_has_custom_css\" type=\"submit\" name=\"custom_submit_button-4_1\" data-name=\"custom_submit_button-4_1\"  aria-label=\"REQUEST INFORMATION\">REQUEST INFORMATION<\/button><style>form.fluent_form_4 .wpf_has_custom_css.ff-btn-submit { background-color:rgba(189, 154, 104, 1);border-color:rgba(189, 154, 104, 1);color:#ffffff;min-width:50%; }form.fluent_form_4 .wpf_has_custom_css.ff-btn-submit:hover { background-color:#ffffff;border-color:rgba(189, 154, 104, 1);color:#BD9A68;min-width:50%; } <\/style><\/div><div data-name=\"ff_cn_id_1\"  class='ff-t-container ff-column-container ff_columns_total_1 '><div class='ff-t-cell ff-t-column-1' style='flex-basis: 100%;'><\/div><\/div><\/fieldset><input\n                    class=\"apbct_special_field apbct_email_id__elementor_form\"\n                    name=\"apbct__email_id__elementor_form\"\n                    aria-label=\"apbct__label_id__elementor_form\"\n                    type=\"text\" size=\"30\" maxlength=\"200\" autocomplete=\"off\"\n                    value=\"\"\n                \/><\/form><div id='fluentform_4_errors' class='ff-errors-in-stack ff_form_instance_4_1 ff-form-loading_errors ff_form_instance_4_1_errors'><\/div><\/div>            <script type=\"text\/javascript\">\n                window.fluent_form_ff_form_instance_4_1 = {\"id\":\"4\",\"settings\":{\"layout\":{\"labelPlacement\":\"top\",\"helpMessagePlacement\":\"with_label\",\"errorMessagePlacement\":\"inline\",\"cssClassName\":\"\",\"asteriskPlacement\":\"asterisk-right\"},\"restrictions\":{\"denyEmptySubmission\":{\"enabled\":false}}},\"form_instance\":\"ff_form_instance_4_1\",\"form_id_selector\":\"fluentform_4\",\"rules\":{\"names[first_name]\":{\"required\":{\"value\":true,\"message\":\"This field is required\"}},\"names[middle_name]\":{\"required\":{\"value\":false,\"message\":\"This field is required\"}},\"names[last_name]\":{\"required\":{\"value\":true,\"message\":\"This field is required\"}},\"email\":{\"required\":{\"value\":true,\"message\":\"This field is required\"},\"email\":{\"value\":false,\"message\":\"This field must contain a valid email\"}},\"description\":{\"required\":{\"value\":false,\"message\":\"This field is required\"}}},\"debounce_time\":300};\n                            <\/script>\n                        <\/div>\n\n            \t\t\t\t<\/div>\n\t\t\t\t<\/div>\n\t\t\t\t\t<\/div>\n\t\t<\/div>\n\t\t\t\t\t<\/div>\n\t\t<\/section>\n\t\t\t\t<\/div>\n\t\t","protected":false},"excerpt":{"rendered":"<p>Century 21 Real Estate Santa Rosaweg 18, Willemstad, Cura\u00e7ao info@brakkeputariba.com +599 9 737 0201 Curacao Sotheby&#039;s International Realty Caracasbaaiweg 149-F, Willemstad, Cura\u00e7ao info@brakkeputariba.com +599 9 737 0104 SUS SOCIOS CONOCE A TU INCRE\u00cdBLE SOCIOS DEDICADOS Benjamin Brest Real Estate Professional Century21 Cura\u00e7ao Ray Seijs Real Estate ProfessionalCura\u00e7ao Sotheby\u2019s International Realty Your partners Meet your amazing [&hellip;]<\/p>\n","protected":false},"author":1,"featured_media":1597,"parent":0,"menu_order":0,"comment_status":"closed","ping_status":"closed","template":"elementor_header_footer","meta":{"_acf_changed":false,"footnotes":""},"class_list":["post-1728","page","type-page","status-publish","has-post-thumbnail","hentry"],"acf":[],"_links":{"self":[{"href":"https:\/\/brakkeputariba.com\/es\/wp-json\/wp\/v2\/pages\/1728","targetHints":{"allow":["GET"]}}],"collection":[{"href":"https:\/\/brakkeputariba.com\/es\/wp-json\/wp\/v2\/pages"}],"about":[{"href":"https:\/\/brakkeputariba.com\/es\/wp-json\/wp\/v2\/types\/page"}],"author":[{"embeddable":true,"href":"https:\/\/brakkeputariba.com\/es\/wp-json\/wp\/v2\/users\/1"}],"replies":[{"embeddable":true,"href":"https:\/\/brakkeputariba.com\/es\/wp-json\/wp\/v2\/comments?post=1728"}],"version-history":[{"count":9,"href":"https:\/\/brakkeputariba.com\/es\/wp-json\/wp\/v2\/pages\/1728\/revisions"}],"predecessor-version":[{"id":1955,"href":"https:\/\/brakkeputariba.com\/es\/wp-json\/wp\/v2\/pages\/1728\/revisions\/1955"}],"wp:featuredmedia":[{"embeddable":true,"href":"https:\/\/brakkeputariba.com\/es\/wp-json\/wp\/v2\/media\/1597"}],"wp:attachment":[{"href":"https:\/\/brakkeputariba.com\/es\/wp-json\/wp\/v2\/media?parent=1728"}],"curies":[{"name":"wp","href":"https:\/\/api.w.org\/{rel}","templated":true}]}}